{"id":1080,"date":"2017-10-12T10:01:34","date_gmt":"2017-10-12T10:01:34","guid":{"rendered":"http:\/\/blog.lindgren-packendorff.com\/?page_id=1080"},"modified":"2017-10-14T14:46:45","modified_gmt":"2017-10-14T14:46:45","slug":"om-mig","status":"publish","type":"page","link":"https:\/\/blog.lindgren-packendorff.com\/?page_id=1080","title":{"rendered":"Om mig (&#x1f1f8;&#x1f1ea;)"},"content":{"rendered":"<p><a href=\"http:\/\/media1.lindgren-packendorff.com\/2017\/10\/monica_lindgren_web.jpg\"><img decoding=\"async\" loading=\"lazy\" src=\"http:\/\/media1.lindgren-packendorff.com\/2017\/10\/monica_lindgren_web.jpg\" alt=\"\" width=\"225\" height=\"285\" class=\"alignright size-full wp-image-1092\" \/><\/a>Monica Lindgren \u00e4r professor i industriell ekonomi och organisation vid Kungl Tekniska H\u00f6gskolan i Stockholm. Hon forskar och undervisar om organisations- och ledningsfr\u00e5gor i vid mening. Till hennes intresseomr\u00e5den h\u00f6r bl a ledarskapsfr\u00e5gor, entrepren\u00f6rskap, projektledning, identitetsskapande i arbetslivet och genus\/j\u00e4mst\u00e4lldhet. <\/p>\n<p>Monica \u00e4r filosofie doktor i f\u00f6retagsekonomi fr\u00e5n Handelsh\u00f6gskolan vid Ume\u00e5 Universitet (USBE) och har tidigare verkat som forskardocent i entrepren\u00f6rskap och aff\u00e4rsskapande vid Handelsh\u00f6gskolan i Stockholm. Sedan hon anst\u00e4lldes vid KTH har hon lett ett flertal externfinansierade forskningsprogram och har \u00e4ven varit studierektor samt ansvarig f\u00f6r kurser inom forskningsmetod, organisation och ledning, samt teknikbaserat entrepren\u00f6rskap. Hon \u00e4r medarrang\u00f6r av de \u00e5terkommande internationella forskningskonferenserna Making Projects Critical, samt ledamot av Entrepren\u00f6rskapsforums Vetenskapligt Forum. 2017 mottog hon det internationella forskarpriset PMI Research Achievement Award. Monica \u00e4r en ofta anlitad f\u00f6redragsh\u00e5llare vid praktikerseminarier och konferenser.<\/p>\n","protected":false},"excerpt":{"rendered":"<p>Monica Lindgren \u00e4r professor i industriell ekonomi och organisation vid Kungl Tekniska H\u00f6gskolan i Stockholm. Hon forskar och undervisar om organisations- och ledningsfr\u00e5gor i vid mening. Till hennes intresseomr\u00e5den h\u00f6r bl a ledarskapsfr\u00e5gor, entrepren\u00f6rskap, projektledning, identitetsskapande i arbetslivet och genus\/j\u00e4mst\u00e4lldhet. &hellip; <a href=\"https:\/\/blog.lindgren-packendorff.com\/?page_id=1080\">Forts\u00e4tt l\u00e4sa <span class=\"meta-nav\">&rarr;<\/span><\/a><\/p>\n","protected":false},"author":1,"featured_media":0,"parent":4,"menu_order":1,"comment_status":"closed","ping_status":"closed","template":"","meta":[],"_links":{"self":[{"href":"https:\/\/blog.lindgren-packendorff.com\/index.php?rest_route=\/wp\/v2\/pages\/1080"}],"collection":[{"href":"https:\/\/blog.lindgren-packendorff.com\/index.php?rest_route=\/wp\/v2\/pages"}],"about":[{"href":"https:\/\/blog.lindgren-packendorff.com\/index.php?rest_route=\/wp\/v2\/types\/page"}],"author":[{"embeddable":true,"href":"https:\/\/blog.lindgren-packendorff.com\/index.php?rest_route=\/wp\/v2\/users\/1"}],"replies":[{"embeddable":true,"href":"https:\/\/blog.lindgren-packendorff.com\/index.php?rest_route=%2Fwp%2Fv2%2Fcomments&post=1080"}],"version-history":[{"count":7,"href":"https:\/\/blog.lindgren-packendorff.com\/index.php?rest_route=\/wp\/v2\/pages\/1080\/revisions"}],"predecessor-version":[{"id":1100,"href":"https:\/\/blog.lindgren-packendorff.com\/index.php?rest_route=\/wp\/v2\/pages\/1080\/revisions\/1100"}],"up":[{"embeddable":true,"href":"https:\/\/blog.lindgren-packendorff.com\/index.php?rest_route=\/wp\/v2\/pages\/4"}],"wp:attachment":[{"href":"https:\/\/blog.lindgren-packendorff.com\/index.php?rest_route=%2Fwp%2Fv2%2Fmedia&parent=1080"}],"curies":[{"name":"wp","href":"https:\/\/api.w.org\/{rel}","templated":true}]}}