{"id":1086,"date":"2017-10-12T10:03:40","date_gmt":"2017-10-12T10:03:40","guid":{"rendered":"http:\/\/blog.lindgren-packendorff.com\/?page_id=1086"},"modified":"2017-10-14T15:03:13","modified_gmt":"2017-10-14T15:03:13","slug":"om-mig-sv","status":"publish","type":"page","link":"http:\/\/blog.lindgren-packendorff.com\/?page_id=1086","title":{"rendered":"Om mig (&#x1f1f8;&#x1f1ea;)"},"content":{"rendered":"<p><a href=\"http:\/\/media1.lindgren-packendorff.com\/2014\/04\/MG_8287.jpeg\"><img decoding=\"async\" loading=\"lazy\" src=\"http:\/\/media1.lindgren-packendorff.com\/2014\/04\/MG_8287-200x300.jpg\" alt=\"\" width=\"200\" height=\"300\" class=\"alignright size-medium wp-image-666\" srcset=\"http:\/\/media1.lindgren-packendorff.com\/2014\/04\/MG_8287-200x300.jpg 200w, http:\/\/media1.lindgren-packendorff.com\/2014\/04\/MG_8287-682x1024.jpg 682w\" sizes=\"(max-width: 200px) 100vw, 200px\" \/><\/a>Johann Packendorff \u00e4r professor i industriell ekonomi och organisation vid Kungl Tekniska H\u00f6gskolan i Stockholm. Till hans forskningsintressen h\u00f6r projektledning, ledarskap och kritiska managementstudier, ofta studerade ur perspektiv s\u00e5som genus, identitetsskapande och socialkonstruktionism.<\/p>\n<p>Johann \u00e4r ekonomie doktor i f\u00f6retagsekonomi fr\u00e5n Handelsh\u00f6gskolan vid Ume\u00e5 Universitet (USBE) och har sedan han anst\u00e4lldes vid KTH lett ett flertal externfinansierade forskningsprogram inom sina forskningsomr\u00e5den. Han har \u00e4ven varit ansvarig f\u00f6r forskarutbildningen i industriell ekonomi och organisation och har varit examinator och kursansvarig f\u00f6r institutionens kursutbud inom industriell projektledning och produktion. Han \u00e4r medarrang\u00f6r av de \u00e5terkommande internationella forskningskonferenserna Making Projects Critical, samt ledamot av Entrepren\u00f6rskapsforums Vetenskapligt Forum. Han \u00e4r ordinarie ledamot av Svenska Projektakademien d\u00e4r han bl a \u00e4r juryordf\u00f6rande f\u00f6r det nationella uppsatspriset. 2017 mottog han det internationella forskarpriset PMI Research Achievement Award f\u00f6r sin forskning inom kritiska projektstudier. Johann \u00e4r en ofta anlitad f\u00f6redragsh\u00e5llare och utbildare inom projektledning och ledarskap.<\/p>\n","protected":false},"excerpt":{"rendered":"<p>Johann Packendorff \u00e4r professor i industriell ekonomi och organisation vid Kungl Tekniska H\u00f6gskolan i Stockholm. Till hans forskningsintressen h\u00f6r projektledning, ledarskap och kritiska managementstudier, ofta studerade ur perspektiv s\u00e5som genus, identitetsskapande och socialkonstruktionism. Johann \u00e4r ekonomie doktor i f\u00f6retagsekonomi fr\u00e5n &hellip; <a href=\"http:\/\/blog.lindgren-packendorff.com\/?page_id=1086\">Forts\u00e4tt l\u00e4sa <span class=\"meta-nav\">&rarr;<\/span><\/a><\/p>\n","protected":false},"author":1,"featured_media":0,"parent":6,"menu_order":1,"comment_status":"closed","ping_status":"closed","template":"","meta":[],"_links":{"self":[{"href":"http:\/\/blog.lindgren-packendorff.com\/index.php?rest_route=\/wp\/v2\/pages\/1086"}],"collection":[{"href":"http:\/\/blog.lindgren-packendorff.com\/index.php?rest_route=\/wp\/v2\/pages"}],"about":[{"href":"http:\/\/blog.lindgren-packendorff.com\/index.php?rest_route=\/wp\/v2\/types\/page"}],"author":[{"embeddable":true,"href":"http:\/\/blog.lindgren-packendorff.com\/index.php?rest_route=\/wp\/v2\/users\/1"}],"replies":[{"embeddable":true,"href":"http:\/\/blog.lindgren-packendorff.com\/index.php?rest_route=%2Fwp%2Fv2%2Fcomments&post=1086"}],"version-history":[{"count":6,"href":"http:\/\/blog.lindgren-packendorff.com\/index.php?rest_route=\/wp\/v2\/pages\/1086\/revisions"}],"predecessor-version":[{"id":1108,"href":"http:\/\/blog.lindgren-packendorff.com\/index.php?rest_route=\/wp\/v2\/pages\/1086\/revisions\/1108"}],"up":[{"embeddable":true,"href":"http:\/\/blog.lindgren-packendorff.com\/index.php?rest_route=\/wp\/v2\/pages\/6"}],"wp:attachment":[{"href":"http:\/\/blog.lindgren-packendorff.com\/index.php?rest_route=%2Fwp%2Fv2%2Fmedia&parent=1086"}],"curies":[{"name":"wp","href":"https:\/\/api.w.org\/{rel}","templated":true}]}}